{"id":11419,"date":"2016-12-05T16:29:56","date_gmt":"2016-12-05T16:29:56","guid":{"rendered":"https:\/\/nex.vamtam.com\/?page_id=11419"},"modified":"2022-02-18T06:52:28","modified_gmt":"2022-02-18T06:52:28","slug":"home","status":"publish","type":"page","link":"https:\/\/www.mobils.lt\/","title":{"rendered":"Home"},"content":{"rendered":"<div class=\"vgblk-rw-wrapper limit-wrapper\">\n<h4>\n\t\t\t<a href=\"\/products-solutions\/automotive-manifacturing\/\" title=\"Automotive Manufacturing\" target=\"_self\" rel=\"noopener\">\n\tAutomotive Manufacturing\n\t\t\t<\/a>\n\t<\/h4>\n<h4>\n\t\t\t<a href=\"\/products-solutions\/mechanical-engineering\/\" title=\"Autoserviso paslaugos\" target=\"_self\" rel=\"noopener\">\n\tAutoserviso paslaugos\n\t\t\t<\/a>\n\t<\/h4>\n<h4>\n\t\t\t<a href=\"\/products-solutions\/industrial-construction\/\" title=\"Suskystintos naftos dujos automobiliams\" target=\"_self\" rel=\"noopener\">\n\tSuskystintos naftos dujos automobiliams\n\t\t\t<\/a>\n\t<\/h4>\n<h4>\n\t\t\t<a href=\"\/products-solutions\/oil-gas-energy\/\" title=\"Kuras, degalai\" target=\"_self\" rel=\"noopener\">\n\tKuras, degalai\n\t\t\t<\/a>\n\t<\/h4>\n<h5>\n\tAPIE MUS\n\t<\/h5>\n\t<h2>Mobilus spektras<\/h2>\n\t<p>Teikiame kokybi\u0161kas prekes ir paslaugas \u0161iose veiklos srityse:<\/p>\n<ul>\n<li>Didmenin\u0117 prekyba vis\u0173 r\u016b\u0161i\u0173 degalais<\/li>\n<li>Degal\u0173 transportavimo paslaugos<\/li>\n<li>Duj\u0173 balion\u0173 pildymas, pardavimas ir pristatymas nam\u0173 \u016bkiams ir pramonei<\/li>\n<li>I\u0161maniosios duj\u0173 \u0161ildymo sistemos \u012frengimas ir aptarnavimas<\/li>\n<li>Prekyba pramonin\u0117mis prek\u0117mis, tepalais bei automobili\u0173 prie\u017ei\u016bros priemon\u0117mis<\/li>\n<li>Autoserviso paslaugos<\/li>\n<\/ul>\n<h2>\n\tNuo 2014 met\u0173\n\t<\/h2>\n\t<p>On the global automotive industry<\/p>\n\t\t\t\t\t\t\t<img loading=\"lazy\" src=\"https:\/\/www.mobils.lt\/wp-content\/uploads\/2022\/02\/nischal-kanishk-6kXf2HPT9_k-unsplash_1.png\" alt=\"nischal-kanishk-6kXf2HPT9_k-unsplash)_1\" itemprop=\"image\" height=\"3268\" width=\"3376\" title=\"nischal-kanishk-6kXf2HPT9_k-unsplash)_1\" onerror=\"this.style.display='none'\"  sizes=\"(max-width: 768px) 100vw, 100vw\" srcset=\"data:image\/svg+xml;utf8,&lt;svg%20xmlns=&quot;http:\/\/www.w3.org\/2000\/svg&quot;%20viewBox=&quot;0%200%203376%203268&quot;%20height=&quot;3268px&quot;%20width=&quot;3376px&quot;\/&gt;\" data-srcset=\"https:\/\/www.mobils.lt\/wp-content\/uploads\/2022\/02\/nischal-kanishk-6kXf2HPT9_k-unsplash_1.png 3376w, https:\/\/www.mobils.lt\/wp-content\/uploads\/2022\/02\/nischal-kanishk-6kXf2HPT9_k-unsplash_1-300x290.png 300w, https:\/\/www.mobils.lt\/wp-content\/uploads\/2022\/02\/nischal-kanishk-6kXf2HPT9_k-unsplash_1-1024x991.png 1024w, https:\/\/www.mobils.lt\/wp-content\/uploads\/2022\/02\/nischal-kanishk-6kXf2HPT9_k-unsplash_1-768x743.png 768w, https:\/\/www.mobils.lt\/wp-content\/uploads\/2022\/02\/nischal-kanishk-6kXf2HPT9_k-unsplash_1-1536x1487.png 1536w, https:\/\/www.mobils.lt\/wp-content\/uploads\/2022\/02\/nischal-kanishk-6kXf2HPT9_k-unsplash_1-2048x1982.png 2048w, https:\/\/www.mobils.lt\/wp-content\/uploads\/2022\/02\/nischal-kanishk-6kXf2HPT9_k-unsplash_1-1260x1220.png 1260w, https:\/\/www.mobils.lt\/wp-content\/uploads\/2022\/02\/nischal-kanishk-6kXf2HPT9_k-unsplash_1-630x610.png 630w, https:\/\/www.mobils.lt\/wp-content\/uploads\/2022\/02\/nischal-kanishk-6kXf2HPT9_k-unsplash_1-420x407.png 420w, https:\/\/www.mobils.lt\/wp-content\/uploads\/2022\/02\/nischal-kanishk-6kXf2HPT9_k-unsplash_1-840x813.png 840w, https:\/\/www.mobils.lt\/wp-content\/uploads\/2022\/02\/nischal-kanishk-6kXf2HPT9_k-unsplash_1-315x305.png 315w\" \/>\t\t\t\t\t\t\t\n\t<h2>U\u017esira\u0161ykite serviso paslaugoms<\/h2>\n\t<p>Teikiame serviso paslaugas.\u00a0 Tikri savo srities specialistai, puikiai i\u0161manantys savo srity.<\/p>\n\t\u25ce \u00a0 \u00a0Tepal\u0173 keitimas<br \/>\n\u25ce\u00a0 \u00a0 Filtr\u0173 keitimas<br \/>\n\u25ce \u00a0 \u00a0Stabd\u017ei\u0173 kalad\u0117li\u0173 keitimo darbai<br \/>\n\u25ce \u00a0 \u00a0Va\u017eiuokl\u0117s remonto darbai\n\t<a href=\"\/products-solutions\/\" target=\"_self\" role=\"button\" rel=\"noopener\">\n\t\t\t\t\tPla\u010diau\n\t<\/a>\n<h5>\n\tMobilus spektras\n\t<\/h5>\n\t<h2>M\u016bs\u0173 <strong>vertyb\u0117s<\/strong><\/h2>\n\t<p>We are an integrated engineering company comprised of agile and experienced engineers skilled in different types of engineering work.<\/p>\n\t<a href=\"\/sustainability\/\" target=\"_self\" role=\"button\" rel=\"noopener\">\n\t\t\t\t\tAbout NEX Sustainability\n\t<\/a>\n<h4>\n\tEnvironment\n\t<\/h4>\n\t<p>Safety is one of the highest priorities within NEX. It is imperative that everyone follows the policies and guidelines to ensure their own safety and the safety of others around them.<\/p>\n<h4>\n\tHealth &amp; Safety\n\t<\/h4>\n\t<p>Safety is one of the highest priorities within NEX. It is imperative that everyone follows the policies and guidelines to ensure their own safety and the safety of others around them.<\/p>\n<h4>\n\tIntegrity\n\t<\/h4>\n\t<p>Safety is one of the highest priorities within NEX. It is imperative that everyone follows the policies and guidelines to ensure their own safety and the safety of others around them.<\/p>\n<h5>\n\tMobilus spektras\n\t<\/h5>\n\t<h2><strong>Akcijos &#8211;<\/strong>\u00a0pasi\u016blymai<\/h2>\n<h5>\n\tATSILIEPIMAI\n\t<\/h5>\n\t<h2>Dirbam su dideliais ir ma\u017eais<\/h2>\n\t\t\t\t\t\t\t<img loading=\"lazy\" src=\"https:\/\/www.mobils.lt\/wp-content\/uploads\/2018\/01\/Logo-example-1.svg\" alt=\"Logo-example-1\" itemprop=\"image\" height=\"50\" width=\"183\" title=\"Logo-example-1\" onerror=\"this.style.display='none'\" \/>\t\t\t\t\t\t\t\n\t\t\t\t\t\t\t<img loading=\"lazy\" src=\"https:\/\/www.mobils.lt\/wp-content\/uploads\/2018\/01\/Logo-example-5.svg\" alt=\"Logo-example-5\" itemprop=\"image\" height=\"51\" width=\"180\" title=\"Logo-example-5\" onerror=\"this.style.display='none'\" \/>\t\t\t\t\t\t\t\n\t\t\t\t\t\t\t<img loading=\"lazy\" src=\"https:\/\/www.mobils.lt\/wp-content\/uploads\/2018\/01\/Logo-example-3.svg\" alt=\"Logo-example-3\" itemprop=\"image\" height=\"50\" width=\"97\" title=\"Logo-example-3\" onerror=\"this.style.display='none'\" \/>\t\t\t\t\t\t\t\n\t\t\t\t\t\t\t<img loading=\"lazy\" src=\"https:\/\/www.mobils.lt\/wp-content\/uploads\/2018\/01\/Logo-example-6.svg\" alt=\"Logo-example-6\" itemprop=\"image\" height=\"51\" width=\"136\" title=\"Logo-example-6\" onerror=\"this.style.display='none'\" \/>\t\t\t\t\t\t\t\n\t\t\t\t\t\t\t<img loading=\"lazy\" src=\"https:\/\/www.mobils.lt\/wp-content\/uploads\/2018\/01\/Logo-example-2.svg\" alt=\"Logo-example-2\" itemprop=\"image\" height=\"51\" width=\"151\" title=\"Logo-example-2\" onerror=\"this.style.display='none'\" \/>\t\t\t\t\t\t\t\n\t\t\t\t\t\t\t<img loading=\"lazy\" src=\"https:\/\/www.mobils.lt\/wp-content\/uploads\/2018\/01\/Logo-example-9.svg\" alt=\"Logo-example-9\" itemprop=\"image\" height=\"50\" width=\"107\" title=\"Logo-example-9\" onerror=\"this.style.display='none'\" \/>\t\t\t\t\t\t\t\n<h2>\n\tNaujienlai\u0161kis\n\t<\/h2>\n\tPrenumeruokite naujienas.<br \/>\nGaukite akcij\u0173 pasi\u016blymus.\n\n<\/div><!-- .vgblk-rw-wrapper -->","protected":false},"excerpt":{"rendered":"<p>Automotive Manufacturing Autoserviso paslaugos Suskystintos naftos dujos automobiliams Kuras, degalai APIE MUS Mobilus spektras Teikiame kokybi\u0161kas prekes ir paslaugas \u0161iose veiklos srityse: Didmenin\u0117 prekyba vis\u0173 r\u016b\u0161i\u0173 degalais Degal\u0173 transportavimo paslaugos Duj\u0173 balion\u0173 pildymas, pardavimas ir pristatymas nam\u0173 \u016bkiams ir pramonei I\u0161maniosios duj\u0173 \u0161ildymo sistemos \u012frengimas ir aptarnavimas Prekyba pramonin\u0117mis prek\u0117mis, tepalais bei automobili\u0173 prie\u017ei\u016bros priemon\u0117mis&#8230;<\/p>\n","protected":false},"author":1,"featured_media":0,"parent":0,"menu_order":0,"comment_status":"closed","ping_status":"closed","template":"","meta":[],"jetpack_sharing_enabled":true,"_links":{"self":[{"href":"https:\/\/www.mobils.lt\/index.php\/wp-json\/wp\/v2\/pages\/11419"}],"collection":[{"href":"https:\/\/www.mobils.lt\/index.php\/wp-json\/wp\/v2\/pages"}],"about":[{"href":"https:\/\/www.mobils.lt\/index.php\/wp-json\/wp\/v2\/types\/page"}],"author":[{"embeddable":true,"href":"https:\/\/www.mobils.lt\/index.php\/wp-json\/wp\/v2\/users\/1"}],"replies":[{"embeddable":true,"href":"https:\/\/www.mobils.lt\/index.php\/wp-json\/wp\/v2\/comments?post=11419"}],"version-history":[{"count":43,"href":"https:\/\/www.mobils.lt\/index.php\/wp-json\/wp\/v2\/pages\/11419\/revisions"}],"predecessor-version":[{"id":987978,"href":"https:\/\/www.mobils.lt\/index.php\/wp-json\/wp\/v2\/pages\/11419\/revisions\/987978"}],"wp:attachment":[{"href":"https:\/\/www.mobils.lt\/index.php\/wp-json\/wp\/v2\/media?parent=11419"}],"curies":[{"name":"wp","href":"https:\/\/api.w.org\/{rel}","templated":true}]}}