{"id":12737,"date":"2017-05-10T20:14:16","date_gmt":"2017-05-10T20:14:16","guid":{"rendered":"https:\/\/nex.vamtam.com\/?page_id=12737"},"modified":"2022-02-18T06:39:36","modified_gmt":"2022-02-18T06:39:36","slug":"power-systems","status":"publish","type":"page","link":"https:\/\/www.mobils.lt\/index.php\/products-solutions\/power-systems\/","title":{"rendered":"Autoserviso paslaugos"},"content":{"rendered":"<div class=\"vgblk-rw-wrapper limit-wrapper\">\n<h3>\n\tStraipsnio titulin\u0117 antra\u0161t\u0117\n\t<\/h3>\n\t<p>&#8220;Lorem ipsum dolor sit amet, consectetur adipiscing elit, sed do eiusmod tempor incididunt ut labore et dolore magna aliqua. Ut enim ad minim veniam, quis nostrud exercitation ullamco laboris nisi ut aliquip ex ea commodo consequat. Duis aute irure dolor in reprehenderit in voluptate velit esse cillum dolore eu fugiat nulla pariatur. Excepteur sint occaecat cupidatat non proident, sunt in culpa qui officia deserunt mollit anim id est laborum.&#8221;<\/p>\n<h3>\n\tReikia pagalbos? \n\t<\/h3>\n\t<p><strong>Susisiekite su vadovu:<\/strong><\/p>\nEvaldas Monstys<br \/>\nEl.pa\u0161tas autoservisas@mobils.lt<br \/>\nMob.tel. +370\u00a0616 08795\n<h2>\n\t<br \/><b>Autoserviso paslaugos<\/b>\n\t<\/h2>\n\t\t\tTepalai ir filtrai\n\t\t<p>Platus tepal\u0173, vis\u0173 tip\u0173 filtr\u0173 pasirinkim\u0105 pagal kiekvieno poreik\u012f.<\/p>\n\t\t\tPadangos\n\t\t<p>Padang\u0173 u\u017esakymas, pristatymas, montavimas, keitimas.<\/p>\n\t\t\tAutodalys\n\t\t<p>Stabd\u017ei\u0173 kalad\u0117li\u0173, amortizatori\u0173 keitimas.<\/p>\n\t\t\tAutomobilio dali\u0173 pildymas\n\t\t<p>Lang\u0173 skys\u010dio, antifrizo papildymas. Kondicionieri\u0173 pildymas.\u00a0<\/p>\n\t\t\tPatikra\n\t\t<p>Akumuliatori\u0173 patikra, keitimas. Automobili\u0173 duj\u0173 balion\u0173 patikra.\u00a0<\/p>\n\t\t\tVirinimo darbai\n\t\t<p>Duslintuv\u0173, virinimo darbai pagal poreik\u012f.\u00a0<\/p>\n\t\t\tTechnin\u0117 patikra\n\t\t<p>Automobili\u0173 techninis aptarnavimas, kito smulkaus remonto darbai.<\/p>\n\t\t\tPrekyba\n\t\t<p>Prekyba pramonin\u0117mis prek\u0117mis, tepalais bei automobili\u0173 prie\u017ei\u016bros priemon\u0117mis.<\/p>\n\t\t\tAdministravimo darbai\n\t\t<p>Sutar\u010di\u0173 sudarymas su klientais, d\u0117l automobilio techniniam aptarnavimo paslaug\u0173 atlikimo.\u00a0<\/p>\n\n<\/div><!-- .vgblk-rw-wrapper -->","protected":false},"excerpt":{"rendered":"<p>Straipsnio titulin\u0117 antra\u0161t\u0117 &#8220;Lorem ipsum dolor sit amet, consectetur adipiscing elit, sed do eiusmod tempor incididunt ut labore et dolore magna aliqua. Ut enim ad minim veniam, quis nostrud exercitation ullamco laboris nisi ut aliquip ex ea commodo consequat. Duis aute irure dolor in reprehenderit in voluptate velit esse cillum dolore eu fugiat nulla pariatur&#8230;.<\/p>\n","protected":false},"author":1,"featured_media":0,"parent":13334,"menu_order":0,"comment_status":"closed","ping_status":"closed","template":"","meta":[],"jetpack_sharing_enabled":true,"_links":{"self":[{"href":"https:\/\/www.mobils.lt\/index.php\/wp-json\/wp\/v2\/pages\/12737"}],"collection":[{"href":"https:\/\/www.mobils.lt\/index.php\/wp-json\/wp\/v2\/pages"}],"about":[{"href":"https:\/\/www.mobils.lt\/index.php\/wp-json\/wp\/v2\/types\/page"}],"author":[{"embeddable":true,"href":"https:\/\/www.mobils.lt\/index.php\/wp-json\/wp\/v2\/users\/1"}],"replies":[{"embeddable":true,"href":"https:\/\/www.mobils.lt\/index.php\/wp-json\/wp\/v2\/comments?post=12737"}],"version-history":[{"count":10,"href":"https:\/\/www.mobils.lt\/index.php\/wp-json\/wp\/v2\/pages\/12737\/revisions"}],"predecessor-version":[{"id":987976,"href":"https:\/\/www.mobils.lt\/index.php\/wp-json\/wp\/v2\/pages\/12737\/revisions\/987976"}],"up":[{"embeddable":true,"href":"https:\/\/www.mobils.lt\/index.php\/wp-json\/wp\/v2\/pages\/13334"}],"wp:attachment":[{"href":"https:\/\/www.mobils.lt\/index.php\/wp-json\/wp\/v2\/media?parent=12737"}],"curies":[{"name":"wp","href":"https:\/\/api.w.org\/{rel}","templated":true}]}}